{"id":584,"date":"2023-04-03T16:19:27","date_gmt":"2023-04-03T14:19:27","guid":{"rendered":"https:\/\/infoproxiservices.ddns.net\/?page_id=584"},"modified":"2025-04-03T16:12:18","modified_gmt":"2025-04-03T14:12:18","slug":"mentions-legales","status":"publish","type":"page","link":"https:\/\/informatiqueproxiservices.fr\/index.php\/mentions-legales\/","title":{"rendered":"Mentions L\u00e9gales"},"content":{"rendered":"\t\t<div data-elementor-type=\"wp-page\" data-elementor-id=\"584\" class=\"elementor elementor-584\">\n\t\t\t\t<div class=\"elementor-element elementor-element-1a721c24 e-flex e-con-boxed e-con e-parent\" data-id=\"1a721c24\" data-element_type=\"container\" data-settings=\"{&quot;background_background&quot;:&quot;classic&quot;}\">\n\t\t\t\t\t<div class=\"e-con-inner\">\n\t\t<div class=\"elementor-element elementor-element-1c107fc e-flex e-con-boxed e-con e-child\" data-id=\"1c107fc\" data-element_type=\"container\">\n\t\t\t\t\t<div class=\"e-con-inner\">\n\t\t<div class=\"elementor-element elementor-element-81176be e-con-full e-flex e-con e-child\" data-id=\"81176be\" data-element_type=\"container\">\n\t\t\t\t<div class=\"elementor-element elementor-element-1556011 elementor-widget__width-initial elementor-widget elementor-widget-image\" data-id=\"1556011\" data-element_type=\"widget\" data-widget_type=\"image.default\">\n\t\t\t\t<div class=\"elementor-widget-container\">\n\t\t\t\t\t\t\t\t\t\t\t\t\t\t\t\t<a href=\"https:\/\/informatiqueproxiservices.fr\/\">\n\t\t\t\t\t\t\t<img decoding=\"async\" width=\"90\" height=\"89\" src=\"https:\/\/informatiqueproxiservices.fr\/wp-content\/uploads\/2023\/03\/Icon-Steph-blanc-ind-D-90x90-1.png\" class=\"elementor-animation-wobble-top attachment-full size-full wp-image-101\" alt=\"\" srcset=\"https:\/\/informatiqueproxiservices.fr\/wp-content\/uploads\/2023\/03\/Icon-Steph-blanc-ind-D-90x90-1.png 90w, https:\/\/informatiqueproxiservices.fr\/wp-content\/uploads\/2023\/03\/elementor\/thumbs\/Icon-Steph-blanc-ind-D-90x90-1-q44pwsfu88q2qd2vbh0571w3j8pxl7ycn3b29wiik4.png 50w\" sizes=\"(max-width: 90px) 100vw, 90px\" \/>\t\t\t\t\t\t\t\t<\/a>\n\t\t\t\t\t\t\t\t\t\t\t\t\t\t\t<\/div>\n\t\t\t\t<\/div>\n\t\t\t\t<\/div>\n\t\t<div class=\"elementor-element elementor-element-504c9d8 e-con-full e-flex e-con e-child\" data-id=\"504c9d8\" data-element_type=\"container\">\n\t\t<div class=\"elementor-element elementor-element-c7cf8b0 e-flex e-con-boxed e-con e-child\" data-id=\"c7cf8b0\" data-element_type=\"container\">\n\t\t\t\t\t<div class=\"e-con-inner\">\n\t\t\t\t<div class=\"elementor-element elementor-element-0d3bfb3 elementor-widget elementor-widget-heading\" data-id=\"0d3bfb3\" data-element_type=\"widget\" data-widget_type=\"heading.default\">\n\t\t\t\t<div class=\"elementor-widget-container\">\n\t\t\t\t\t<h1 class=\"elementor-heading-title elementor-size-large\">Mentions l\u00e9gales<\/h1>\t\t\t\t<\/div>\n\t\t\t\t<\/div>\n\t\t\t\t\t<\/div>\n\t\t\t\t<\/div>\n\t\t\t\t<\/div>\n\t\t\t\t\t<\/div>\n\t\t\t\t<\/div>\n\t\t<div class=\"elementor-element elementor-element-ce3f3a5 e-flex e-con-boxed e-con e-child\" data-id=\"ce3f3a5\" data-element_type=\"container\">\n\t\t\t\t\t<div class=\"e-con-inner\">\n\t\t\t\t\t<\/div>\n\t\t\t\t<\/div>\n\t\t<div class=\"elementor-element elementor-element-2dfdb6e e-flex e-con-boxed e-con e-child\" data-id=\"2dfdb6e\" data-element_type=\"container\">\n\t\t\t\t\t<div class=\"e-con-inner\">\n\t\t<div class=\"elementor-element elementor-element-74a1fc0 e-flex e-con-boxed e-con e-child\" data-id=\"74a1fc0\" data-element_type=\"container\">\n\t\t\t\t\t<div class=\"e-con-inner\">\n\t\t\t\t<div class=\"elementor-element elementor-element-9c1f2d8 elementor-widget-mobile__width-auto elementor-widget elementor-widget-heading\" data-id=\"9c1f2d8\" data-element_type=\"widget\" data-widget_type=\"heading.default\">\n\t\t\t\t<div class=\"elementor-widget-container\">\n\t\t\t\t\t<h2 class=\"elementor-heading-title elementor-size-medium\">Mentions l\u00e9gales<\/h2>\t\t\t\t<\/div>\n\t\t\t\t<\/div>\n\t\t\t\t\t<\/div>\n\t\t\t\t<\/div>\n\t\t<div class=\"elementor-element elementor-element-d945126 e-flex e-con-boxed e-con e-child\" data-id=\"d945126\" data-element_type=\"container\">\n\t\t\t\t\t<div class=\"e-con-inner\">\n\t\t<div class=\"elementor-element elementor-element-2d5ab7b e-flex e-con-boxed e-con e-child\" data-id=\"2d5ab7b\" data-element_type=\"container\">\n\t\t\t\t\t<div class=\"e-con-inner\">\n\t\t\t\t<div class=\"elementor-element elementor-element-9c2964f elementor-widget elementor-widget-text-editor\" data-id=\"9c2964f\" data-element_type=\"widget\" data-widget_type=\"text-editor.default\">\n\t\t\t\t<div class=\"elementor-widget-container\">\n\t\t\t\t\t\t\t\t\t<p>Conform\u00e9ment aux dispositions de la loi n\u00b0 2004-575 du 21 juin 2004 pour la confiance en l&rsquo;\u00e9conomie num\u00e9rique, il est pr\u00e9cis\u00e9 aux utilisateurs du site Informatique Proxi Services l&rsquo;identit\u00e9 des diff\u00e9rents intervenants dans le cadre de sa r\u00e9alisation et de son suivi.<\/p>\t\t\t\t\t\t\t\t<\/div>\n\t\t\t\t<\/div>\n\t\t\t\t\t<\/div>\n\t\t\t\t<\/div>\n\t\t\t\t\t<\/div>\n\t\t\t\t<\/div>\n\t\t<div class=\"elementor-element elementor-element-12ca4f4 e-flex e-con-boxed e-con e-child\" data-id=\"12ca4f4\" data-element_type=\"container\">\n\t\t\t\t\t<div class=\"e-con-inner\">\n\t\t<div class=\"elementor-element elementor-element-b6d3447 e-flex e-con-boxed e-con e-child\" data-id=\"b6d3447\" data-element_type=\"container\">\n\t\t\t\t\t<div class=\"e-con-inner\">\n\t\t\t\t<div class=\"elementor-element elementor-element-bfecd83 elementor-widget elementor-widget-heading\" data-id=\"bfecd83\" data-element_type=\"widget\" data-widget_type=\"heading.default\">\n\t\t\t\t<div class=\"elementor-widget-container\">\n\t\t\t\t\t<h3 class=\"elementor-heading-title elementor-size-medium\">Edition du site<\/h3>\t\t\t\t<\/div>\n\t\t\t\t<\/div>\n\t\t\t\t\t<\/div>\n\t\t\t\t<\/div>\n\t\t<div class=\"elementor-element elementor-element-cf3f578 e-flex e-con-boxed e-con e-child\" data-id=\"cf3f578\" data-element_type=\"container\">\n\t\t\t\t\t<div class=\"e-con-inner\">\n\t\t\t\t<div class=\"elementor-element elementor-element-ea156b3 elementor-widget elementor-widget-text-editor\" data-id=\"ea156b3\" data-element_type=\"widget\" data-widget_type=\"text-editor.default\">\n\t\t\t\t<div class=\"elementor-widget-container\">\n\t\t\t\t\t\t\t\t\t<p>Le pr\u00e9sent site, accessible \u00e0 l\u2019URL www.informatiqueproxiservices.fr (le \u00ab Site \u00bb), est \u00e9dit\u00e9 par :<\/p><p>St\u00e9phane PERRAULT, r\u00e9sidant 10 r\u00e9sidence Alphonse Monteny 37220 Avon les Roches, de nationalit\u00e9 Fran\u00e7aise (France), n\u00e9(e) le 18\/09\/1974,\u00a0 inscrite au R.C.S. de TOURS sous le num\u00e9ro RCS TOURS 922 035 183, ainsi qu&rsquo;au R.M. sous le num\u00e9ro 922 035 183 RM 37 .<\/p>\t\t\t\t\t\t\t\t<\/div>\n\t\t\t\t<\/div>\n\t\t\t\t\t<\/div>\n\t\t\t\t<\/div>\n\t\t\t\t\t<\/div>\n\t\t\t\t<\/div>\n\t\t<div class=\"elementor-element elementor-element-8954555 e-flex e-con-boxed e-con e-child\" data-id=\"8954555\" data-element_type=\"container\">\n\t\t\t\t\t<div class=\"e-con-inner\">\n\t\t<div class=\"elementor-element elementor-element-f822593 e-flex e-con-boxed e-con e-child\" data-id=\"f822593\" data-element_type=\"container\">\n\t\t\t\t\t<div class=\"e-con-inner\">\n\t\t\t\t<div class=\"elementor-element elementor-element-395ae89 elementor-widget elementor-widget-heading\" data-id=\"395ae89\" data-element_type=\"widget\" data-widget_type=\"heading.default\">\n\t\t\t\t<div class=\"elementor-widget-container\">\n\t\t\t\t\t<h3 class=\"elementor-heading-title elementor-size-medium\">H\u00e9bergement<\/h3>\t\t\t\t<\/div>\n\t\t\t\t<\/div>\n\t\t\t\t\t<\/div>\n\t\t\t\t<\/div>\n\t\t<div class=\"elementor-element elementor-element-0703438 e-flex e-con-boxed e-con e-child\" data-id=\"0703438\" data-element_type=\"container\">\n\t\t\t\t\t<div class=\"e-con-inner\">\n\t\t\t\t<div class=\"elementor-element elementor-element-5955dec elementor-widget elementor-widget-text-editor\" data-id=\"5955dec\" data-element_type=\"widget\" data-widget_type=\"text-editor.default\">\n\t\t\t\t<div class=\"elementor-widget-container\">\n\t\t\t\t\t\t\t\t\t<p>Le Site est h\u00e9berg\u00e9 par la soci\u00e9t\u00e9 Informatique proxi services, situ\u00e9 10 r\u00e9sidence Alphonse Monteny 37220 Avon les roches, (contact t\u00e9l\u00e9phonique ou email ).<\/p>\t\t\t\t\t\t\t\t<\/div>\n\t\t\t\t<\/div>\n\t\t\t\t\t<\/div>\n\t\t\t\t<\/div>\n\t\t\t\t\t<\/div>\n\t\t\t\t<\/div>\n\t\t<div class=\"elementor-element elementor-element-42ccae3 e-flex e-con-boxed e-con e-child\" data-id=\"42ccae3\" data-element_type=\"container\">\n\t\t\t\t\t<div class=\"e-con-inner\">\n\t\t<div class=\"elementor-element elementor-element-550d549 e-flex e-con-boxed e-con e-child\" data-id=\"550d549\" data-element_type=\"container\">\n\t\t\t\t\t<div class=\"e-con-inner\">\n\t\t\t\t<div class=\"elementor-element elementor-element-3a5d3a5 elementor-widget elementor-widget-heading\" data-id=\"3a5d3a5\" data-element_type=\"widget\" data-widget_type=\"heading.default\">\n\t\t\t\t<div class=\"elementor-widget-container\">\n\t\t\t\t\t<h3 class=\"elementor-heading-title elementor-size-medium\">Directeur de publication<\/h3>\t\t\t\t<\/div>\n\t\t\t\t<\/div>\n\t\t\t\t\t<\/div>\n\t\t\t\t<\/div>\n\t\t<div class=\"elementor-element elementor-element-31ba04b e-flex e-con-boxed e-con e-child\" data-id=\"31ba04b\" data-element_type=\"container\">\n\t\t\t\t\t<div class=\"e-con-inner\">\n\t\t\t\t<div class=\"elementor-element elementor-element-84812b1 elementor-widget elementor-widget-text-editor\" data-id=\"84812b1\" data-element_type=\"widget\" data-widget_type=\"text-editor.default\">\n\t\t\t\t<div class=\"elementor-widget-container\">\n\t\t\t\t\t\t\t\t\t<p>Le Directeur de la publication du Site est St\u00e9phane PERRAULT.<\/p>\t\t\t\t\t\t\t\t<\/div>\n\t\t\t\t<\/div>\n\t\t\t\t\t<\/div>\n\t\t\t\t<\/div>\n\t\t\t\t\t<\/div>\n\t\t\t\t<\/div>\n\t\t<div class=\"elementor-element elementor-element-960b1a4 e-flex e-con-boxed e-con e-child\" data-id=\"960b1a4\" data-element_type=\"container\">\n\t\t\t\t\t<div class=\"e-con-inner\">\n\t\t<div class=\"elementor-element elementor-element-03a9ea2 e-flex e-con-boxed e-con e-child\" data-id=\"03a9ea2\" data-element_type=\"container\">\n\t\t\t\t\t<div class=\"e-con-inner\">\n\t\t\t\t<div class=\"elementor-element elementor-element-7e8e17d elementor-widget elementor-widget-heading\" data-id=\"7e8e17d\" data-element_type=\"widget\" data-widget_type=\"heading.default\">\n\t\t\t\t<div class=\"elementor-widget-container\">\n\t\t\t\t\t<h3 class=\"elementor-heading-title elementor-size-medium\">Nous contacter<\/h3>\t\t\t\t<\/div>\n\t\t\t\t<\/div>\n\t\t\t\t\t<\/div>\n\t\t\t\t<\/div>\n\t\t<div class=\"elementor-element elementor-element-0b2aa0e e-flex e-con-boxed e-con e-child\" data-id=\"0b2aa0e\" data-element_type=\"container\">\n\t\t\t\t\t<div class=\"e-con-inner\">\n\t\t\t\t<div class=\"elementor-element elementor-element-ac3d6db elementor-widget elementor-widget-text-editor\" data-id=\"ac3d6db\" data-element_type=\"widget\" data-widget_type=\"text-editor.default\">\n\t\t\t\t<div class=\"elementor-widget-container\">\n\t\t\t\t\t\t\t\t\t<p>Par t\u00e9l\u00e9phone\u00a0: +33617741324<\/p><p>Par email\u00a0: contact@informatiqueproxiservices.fr<\/p><p>Par courrier\u00a0: 10 r\u00e9sidence Alphonse Monteny 37220 Avon les Roches<\/p>\t\t\t\t\t\t\t\t<\/div>\n\t\t\t\t<\/div>\n\t\t\t\t\t<\/div>\n\t\t\t\t<\/div>\n\t\t\t\t\t<\/div>\n\t\t\t\t<\/div>\n\t\t<div class=\"elementor-element elementor-element-18294f7 e-flex e-con-boxed e-con e-child\" data-id=\"18294f7\" data-element_type=\"container\">\n\t\t\t\t\t<div class=\"e-con-inner\">\n\t\t<div class=\"elementor-element elementor-element-e071d0a e-flex e-con-boxed e-con e-child\" data-id=\"e071d0a\" data-element_type=\"container\">\n\t\t\t\t\t<div class=\"e-con-inner\">\n\t\t\t\t<div class=\"elementor-element elementor-element-bcc6d08 elementor-widget elementor-widget-heading\" data-id=\"bcc6d08\" data-element_type=\"widget\" data-widget_type=\"heading.default\">\n\t\t\t\t<div class=\"elementor-widget-container\">\n\t\t\t\t\t<h3 class=\"elementor-heading-title elementor-size-medium\">Donn\u00e9es personnelles<\/h3>\t\t\t\t<\/div>\n\t\t\t\t<\/div>\n\t\t\t\t\t<\/div>\n\t\t\t\t<\/div>\n\t\t<div class=\"elementor-element elementor-element-45933a3 e-flex e-con-boxed e-con e-child\" data-id=\"45933a3\" data-element_type=\"container\">\n\t\t\t\t\t<div class=\"e-con-inner\">\n\t\t\t\t<div class=\"elementor-element elementor-element-d713965 elementor-widget elementor-widget-text-editor\" data-id=\"d713965\" data-element_type=\"widget\" data-widget_type=\"text-editor.default\">\n\t\t\t\t<div class=\"elementor-widget-container\">\n\t\t\t\t\t\t\t\t\t<p>Le traitement de vos donn\u00e9es \u00e0 caract\u00e8re personnel est r\u00e9gi par notre Charte du respect de la vie priv\u00e9e, disponible depuis la section \u00ab\u00a0Charte de Protection des Donn\u00e9es Personnelles\u00a0\u00bb, conform\u00e9ment au R\u00e8glement G\u00e9n\u00e9ral sur la Protection des Donn\u00e9es 2016\/679 du 27 avril 2016 (\u00abRGPD\u00bb).<\/p><p>G\u00e9n\u00e9ration des mentions l\u00e9gales par Legalstart.<\/p>\t\t\t\t\t\t\t\t<\/div>\n\t\t\t\t<\/div>\n\t\t\t\t\t<\/div>\n\t\t\t\t<\/div>\n\t\t\t\t\t<\/div>\n\t\t\t\t<\/div>\n\t\t<div class=\"elementor-element elementor-element-429eda6 e-flex e-con-boxed e-con e-child\" data-id=\"429eda6\" data-element_type=\"container\">\n\t\t\t\t\t<div class=\"e-con-inner\">\n\t\t\t\t<div class=\"elementor-element elementor-element-638f42f elementor-widget elementor-widget-text-editor\" data-id=\"638f42f\" data-element_type=\"widget\" data-widget_type=\"text-editor.default\">\n\t\t\t\t<div class=\"elementor-widget-container\">\n\t\t\t\t\t\t\t\t\t<p class=\"whitespace-pre-wrap\">Date de derni\u00e8re mise \u00e0 jour : <strong>01\/03\/2024<\/strong><\/p>\t\t\t\t\t\t\t\t<\/div>\n\t\t\t\t<\/div>\n\t\t\t\t\t<\/div>\n\t\t\t\t<\/div>\n\t\t\t\t\t<\/div>\n\t\t\t\t<\/div>\n\t\t\t\t\t<\/div>\n\t\t\t\t<\/div>\n\t\t\t\t<\/div>\n\t\t","protected":false},"excerpt":{"rendered":"<p>Mentions l\u00e9gales Mentions l\u00e9gales Conform\u00e9ment aux dispositions de la loi n\u00b0 2004-575 du 21 juin 2004 pour la confiance en l&rsquo;\u00e9conomie num\u00e9rique, il est pr\u00e9cis\u00e9 aux utilisateurs du site Informatique Proxi Services l&rsquo;identit\u00e9 des diff\u00e9rents intervenants dans le cadre de sa r\u00e9alisation et de son suivi. Edition du site Le pr\u00e9sent site, accessible \u00e0 l\u2019URL [&hellip;]<\/p>\n","protected":false},"author":1,"featured_media":0,"parent":0,"menu_order":0,"comment_status":"closed","ping_status":"closed","template":"","meta":{"footnotes":""},"class_list":["post-584","page","type-page","status-publish","hentry"],"yoast_head":"<!-- This site is optimized with the Yoast SEO plugin v26.2 - https:\/\/yoast.com\/wordpress\/plugins\/seo\/ -->\n<title>Mentions l\u00e9gales du site informatique proxi services<\/title>\n<meta name=\"description\" content=\"site, accessible \u00e0 l\u2019URL www.informatiqueproxiservices.fr, est \u00e9dit\u00e9 par : Le Directeur de la publication du Site est St\u00e9phane PERRAULT.\" \/>\n<meta name=\"robots\" content=\"index, follow, max-snippet:-1, max-image-preview:large, max-video-preview:-1\" \/>\n<link rel=\"canonical\" href=\"https:\/\/informatiqueproxiservices.fr\/index.php\/mentions-legales\/\" \/>\n<meta property=\"og:locale\" content=\"fr_FR\" \/>\n<meta property=\"og:type\" content=\"article\" \/>\n<meta property=\"og:title\" content=\"Mentions l\u00e9gales du site informatique proxi services\" \/>\n<meta property=\"og:description\" content=\"site, accessible \u00e0 l\u2019URL www.informatiqueproxiservices.fr, est \u00e9dit\u00e9 par : Le Directeur de la publication du Site est St\u00e9phane PERRAULT.\" \/>\n<meta property=\"og:url\" content=\"https:\/\/informatiqueproxiservices.fr\/index.php\/mentions-legales\/\" \/>\n<meta property=\"og:site_name\" content=\"informatique proxi services\" \/>\n<meta property=\"article:modified_time\" content=\"2025-04-03T14:12:18+00:00\" \/>\n<meta property=\"og:image\" content=\"https:\/\/informatiqueproxiservices.fr\/wp-content\/uploads\/2023\/03\/Icon-Steph-blanc-ind-D-90x90-1.png\" \/>\n\t<meta property=\"og:image:width\" content=\"90\" \/>\n\t<meta property=\"og:image:height\" content=\"89\" \/>\n\t<meta property=\"og:image:type\" content=\"image\/png\" \/>\n<meta name=\"twitter:card\" content=\"summary_large_image\" \/>\n<meta name=\"twitter:label1\" content=\"Dur\u00e9e de lecture estim\u00e9e\" \/>\n\t<meta name=\"twitter:data1\" content=\"2 minutes\" \/>\n<script type=\"application\/ld+json\" class=\"yoast-schema-graph\">{\"@context\":\"https:\/\/schema.org\",\"@graph\":[{\"@type\":\"WebPage\",\"@id\":\"https:\/\/informatiqueproxiservices.fr\/index.php\/mentions-legales\/\",\"url\":\"https:\/\/informatiqueproxiservices.fr\/index.php\/mentions-legales\/\",\"name\":\"Mentions l\u00e9gales du site informatique proxi services\",\"isPartOf\":{\"@id\":\"https:\/\/informatiqueproxiservices.fr\/#website\"},\"primaryImageOfPage\":{\"@id\":\"https:\/\/informatiqueproxiservices.fr\/index.php\/mentions-legales\/#primaryimage\"},\"image\":{\"@id\":\"https:\/\/informatiqueproxiservices.fr\/index.php\/mentions-legales\/#primaryimage\"},\"thumbnailUrl\":\"https:\/\/informatiqueproxiservices.fr\/wp-content\/uploads\/2023\/03\/Icon-Steph-blanc-ind-D-90x90-1.png\",\"datePublished\":\"2023-04-03T14:19:27+00:00\",\"dateModified\":\"2025-04-03T14:12:18+00:00\",\"description\":\"site, accessible \u00e0 l\u2019URL www.informatiqueproxiservices.fr, est \u00e9dit\u00e9 par : Le Directeur de la publication du Site est St\u00e9phane PERRAULT.\",\"breadcrumb\":{\"@id\":\"https:\/\/informatiqueproxiservices.fr\/index.php\/mentions-legales\/#breadcrumb\"},\"inLanguage\":\"fr-FR\",\"potentialAction\":[{\"@type\":\"ReadAction\",\"target\":[\"https:\/\/informatiqueproxiservices.fr\/index.php\/mentions-legales\/\"]}]},{\"@type\":\"ImageObject\",\"inLanguage\":\"fr-FR\",\"@id\":\"https:\/\/informatiqueproxiservices.fr\/index.php\/mentions-legales\/#primaryimage\",\"url\":\"https:\/\/informatiqueproxiservices.fr\/wp-content\/uploads\/2023\/03\/Icon-Steph-blanc-ind-D-90x90-1.png\",\"contentUrl\":\"https:\/\/informatiqueproxiservices.fr\/wp-content\/uploads\/2023\/03\/Icon-Steph-blanc-ind-D-90x90-1.png\",\"width\":90,\"height\":89},{\"@type\":\"BreadcrumbList\",\"@id\":\"https:\/\/informatiqueproxiservices.fr\/index.php\/mentions-legales\/#breadcrumb\",\"itemListElement\":[{\"@type\":\"ListItem\",\"position\":1,\"name\":\"Accueil\",\"item\":\"https:\/\/informatiqueproxiservices.fr\/\"},{\"@type\":\"ListItem\",\"position\":2,\"name\":\"Mentions L\u00e9gales\"}]},{\"@type\":\"WebSite\",\"@id\":\"https:\/\/informatiqueproxiservices.fr\/#website\",\"url\":\"https:\/\/informatiqueproxiservices.fr\/\",\"name\":\"informatique proxi services\",\"description\":\"L&#039;informatique \u00e0 port\u00e9e de main\",\"publisher\":{\"@id\":\"https:\/\/informatiqueproxiservices.fr\/#organization\"},\"potentialAction\":[{\"@type\":\"SearchAction\",\"target\":{\"@type\":\"EntryPoint\",\"urlTemplate\":\"https:\/\/informatiqueproxiservices.fr\/?s={search_term_string}\"},\"query-input\":{\"@type\":\"PropertyValueSpecification\",\"valueRequired\":true,\"valueName\":\"search_term_string\"}}],\"inLanguage\":\"fr-FR\"},{\"@type\":\"Organization\",\"@id\":\"https:\/\/informatiqueproxiservices.fr\/#organization\",\"name\":\"informatique proxi services\",\"url\":\"https:\/\/informatiqueproxiservices.fr\/\",\"logo\":{\"@type\":\"ImageObject\",\"inLanguage\":\"fr-FR\",\"@id\":\"https:\/\/informatiqueproxiservices.fr\/#\/schema\/logo\/image\/\",\"url\":\"https:\/\/informatiqueproxiservices.fr\/wp-content\/uploads\/2023\/03\/logo-du-site-internet-ind-E-1.png\",\"contentUrl\":\"https:\/\/informatiqueproxiservices.fr\/wp-content\/uploads\/2023\/03\/logo-du-site-internet-ind-E-1.png\",\"width\":350,\"height\":67,\"caption\":\"informatique proxi services\"},\"image\":{\"@id\":\"https:\/\/informatiqueproxiservices.fr\/#\/schema\/logo\/image\/\"}}]}<\/script>\n<!-- \/ Yoast SEO plugin. -->","yoast_head_json":{"title":"Mentions l\u00e9gales du site informatique proxi services","description":"site, accessible \u00e0 l\u2019URL www.informatiqueproxiservices.fr, est \u00e9dit\u00e9 par : Le Directeur de la publication du Site est St\u00e9phane PERRAULT.","robots":{"index":"index","follow":"follow","max-snippet":"max-snippet:-1","max-image-preview":"max-image-preview:large","max-video-preview":"max-video-preview:-1"},"canonical":"https:\/\/informatiqueproxiservices.fr\/index.php\/mentions-legales\/","og_locale":"fr_FR","og_type":"article","og_title":"Mentions l\u00e9gales du site informatique proxi services","og_description":"site, accessible \u00e0 l\u2019URL www.informatiqueproxiservices.fr, est \u00e9dit\u00e9 par : Le Directeur de la publication du Site est St\u00e9phane PERRAULT.","og_url":"https:\/\/informatiqueproxiservices.fr\/index.php\/mentions-legales\/","og_site_name":"informatique proxi services","article_modified_time":"2025-04-03T14:12:18+00:00","og_image":[{"width":90,"height":89,"url":"https:\/\/informatiqueproxiservices.fr\/wp-content\/uploads\/2023\/03\/Icon-Steph-blanc-ind-D-90x90-1.png","type":"image\/png"}],"twitter_card":"summary_large_image","twitter_misc":{"Dur\u00e9e de lecture estim\u00e9e":"2 minutes"},"schema":{"@context":"https:\/\/schema.org","@graph":[{"@type":"WebPage","@id":"https:\/\/informatiqueproxiservices.fr\/index.php\/mentions-legales\/","url":"https:\/\/informatiqueproxiservices.fr\/index.php\/mentions-legales\/","name":"Mentions l\u00e9gales du site informatique proxi services","isPartOf":{"@id":"https:\/\/informatiqueproxiservices.fr\/#website"},"primaryImageOfPage":{"@id":"https:\/\/informatiqueproxiservices.fr\/index.php\/mentions-legales\/#primaryimage"},"image":{"@id":"https:\/\/informatiqueproxiservices.fr\/index.php\/mentions-legales\/#primaryimage"},"thumbnailUrl":"https:\/\/informatiqueproxiservices.fr\/wp-content\/uploads\/2023\/03\/Icon-Steph-blanc-ind-D-90x90-1.png","datePublished":"2023-04-03T14:19:27+00:00","dateModified":"2025-04-03T14:12:18+00:00","description":"site, accessible \u00e0 l\u2019URL www.informatiqueproxiservices.fr, est \u00e9dit\u00e9 par : Le Directeur de la publication du Site est St\u00e9phane PERRAULT.","breadcrumb":{"@id":"https:\/\/informatiqueproxiservices.fr\/index.php\/mentions-legales\/#breadcrumb"},"inLanguage":"fr-FR","potentialAction":[{"@type":"ReadAction","target":["https:\/\/informatiqueproxiservices.fr\/index.php\/mentions-legales\/"]}]},{"@type":"ImageObject","inLanguage":"fr-FR","@id":"https:\/\/informatiqueproxiservices.fr\/index.php\/mentions-legales\/#primaryimage","url":"https:\/\/informatiqueproxiservices.fr\/wp-content\/uploads\/2023\/03\/Icon-Steph-blanc-ind-D-90x90-1.png","contentUrl":"https:\/\/informatiqueproxiservices.fr\/wp-content\/uploads\/2023\/03\/Icon-Steph-blanc-ind-D-90x90-1.png","width":90,"height":89},{"@type":"BreadcrumbList","@id":"https:\/\/informatiqueproxiservices.fr\/index.php\/mentions-legales\/#breadcrumb","itemListElement":[{"@type":"ListItem","position":1,"name":"Accueil","item":"https:\/\/informatiqueproxiservices.fr\/"},{"@type":"ListItem","position":2,"name":"Mentions L\u00e9gales"}]},{"@type":"WebSite","@id":"https:\/\/informatiqueproxiservices.fr\/#website","url":"https:\/\/informatiqueproxiservices.fr\/","name":"informatique proxi services","description":"L&#039;informatique \u00e0 port\u00e9e de main","publisher":{"@id":"https:\/\/informatiqueproxiservices.fr\/#organization"},"potentialAction":[{"@type":"SearchAction","target":{"@type":"EntryPoint","urlTemplate":"https:\/\/informatiqueproxiservices.fr\/?s={search_term_string}"},"query-input":{"@type":"PropertyValueSpecification","valueRequired":true,"valueName":"search_term_string"}}],"inLanguage":"fr-FR"},{"@type":"Organization","@id":"https:\/\/informatiqueproxiservices.fr\/#organization","name":"informatique proxi services","url":"https:\/\/informatiqueproxiservices.fr\/","logo":{"@type":"ImageObject","inLanguage":"fr-FR","@id":"https:\/\/informatiqueproxiservices.fr\/#\/schema\/logo\/image\/","url":"https:\/\/informatiqueproxiservices.fr\/wp-content\/uploads\/2023\/03\/logo-du-site-internet-ind-E-1.png","contentUrl":"https:\/\/informatiqueproxiservices.fr\/wp-content\/uploads\/2023\/03\/logo-du-site-internet-ind-E-1.png","width":350,"height":67,"caption":"informatique proxi services"},"image":{"@id":"https:\/\/informatiqueproxiservices.fr\/#\/schema\/logo\/image\/"}}]}},"_links":{"self":[{"href":"https:\/\/informatiqueproxiservices.fr\/index.php\/wp-json\/wp\/v2\/pages\/584","targetHints":{"allow":["GET"]}}],"collection":[{"href":"https:\/\/informatiqueproxiservices.fr\/index.php\/wp-json\/wp\/v2\/pages"}],"about":[{"href":"https:\/\/informatiqueproxiservices.fr\/index.php\/wp-json\/wp\/v2\/types\/page"}],"author":[{"embeddable":true,"href":"https:\/\/informatiqueproxiservices.fr\/index.php\/wp-json\/wp\/v2\/users\/1"}],"replies":[{"embeddable":true,"href":"https:\/\/informatiqueproxiservices.fr\/index.php\/wp-json\/wp\/v2\/comments?post=584"}],"version-history":[{"count":119,"href":"https:\/\/informatiqueproxiservices.fr\/index.php\/wp-json\/wp\/v2\/pages\/584\/revisions"}],"predecessor-version":[{"id":3694,"href":"https:\/\/informatiqueproxiservices.fr\/index.php\/wp-json\/wp\/v2\/pages\/584\/revisions\/3694"}],"wp:attachment":[{"href":"https:\/\/informatiqueproxiservices.fr\/index.php\/wp-json\/wp\/v2\/media?parent=584"}],"curies":[{"name":"wp","href":"https:\/\/api.w.org\/{rel}","templated":true}]}}