{"id":3382,"date":"2024-03-01T11:48:22","date_gmt":"2024-03-01T10:48:22","guid":{"rendered":"https:\/\/informatiqueproxiservices.fr\/?page_id=3382"},"modified":"2025-04-04T09:26:12","modified_gmt":"2025-04-04T07:26:12","slug":"cgv","status":"publish","type":"page","link":"https:\/\/informatiqueproxiservices.fr\/index.php\/cgv\/","title":{"rendered":"CGV"},"content":{"rendered":"\t\t<div data-elementor-type=\"wp-page\" data-elementor-id=\"3382\" class=\"elementor elementor-3382\">\n\t\t\t\t<div class=\"elementor-element elementor-element-1a721c24 e-flex e-con-boxed e-con e-parent\" data-id=\"1a721c24\" data-element_type=\"container\" data-settings=\"{&quot;background_background&quot;:&quot;classic&quot;}\">\n\t\t\t\t\t<div class=\"e-con-inner\">\n\t\t<div class=\"elementor-element elementor-element-1c107fc e-flex e-con-boxed e-con e-child\" data-id=\"1c107fc\" data-element_type=\"container\">\n\t\t\t\t\t<div class=\"e-con-inner\">\n\t\t<div class=\"elementor-element elementor-element-81176be e-con-full e-flex e-con e-child\" data-id=\"81176be\" data-element_type=\"container\">\n\t\t\t\t<div class=\"elementor-element elementor-element-1556011 elementor-widget__width-initial elementor-widget elementor-widget-image\" data-id=\"1556011\" data-element_type=\"widget\" data-widget_type=\"image.default\">\n\t\t\t\t<div class=\"elementor-widget-container\">\n\t\t\t\t\t\t\t\t\t\t\t\t\t\t\t\t<a href=\"https:\/\/informatiqueproxiservices.fr\/\">\n\t\t\t\t\t\t\t<img decoding=\"async\" width=\"90\" height=\"89\" src=\"https:\/\/informatiqueproxiservices.fr\/wp-content\/uploads\/2023\/03\/Icon-Steph-blanc-ind-D-90x90-1.png\" class=\"elementor-animation-wobble-top attachment-full size-full wp-image-101\" alt=\"\" srcset=\"https:\/\/informatiqueproxiservices.fr\/wp-content\/uploads\/2023\/03\/Icon-Steph-blanc-ind-D-90x90-1.png 90w, https:\/\/informatiqueproxiservices.fr\/wp-content\/uploads\/2023\/03\/elementor\/thumbs\/Icon-Steph-blanc-ind-D-90x90-1-q44pwsfu88q2qd2vbh0571w3j8pxl7ycn3b29wiik4.png 50w\" sizes=\"(max-width: 90px) 100vw, 90px\" \/>\t\t\t\t\t\t\t\t<\/a>\n\t\t\t\t\t\t\t\t\t\t\t\t\t\t\t<\/div>\n\t\t\t\t<\/div>\n\t\t\t\t<\/div>\n\t\t<div class=\"elementor-element elementor-element-504c9d8 e-con-full e-flex e-con e-child\" data-id=\"504c9d8\" data-element_type=\"container\">\n\t\t<div class=\"elementor-element elementor-element-c7cf8b0 e-flex e-con-boxed e-con e-child\" data-id=\"c7cf8b0\" data-element_type=\"container\">\n\t\t\t\t\t<div class=\"e-con-inner\">\n\t\t\t\t<div class=\"elementor-element elementor-element-0d3bfb3 elementor-widget elementor-widget-heading\" data-id=\"0d3bfb3\" data-element_type=\"widget\" data-widget_type=\"heading.default\">\n\t\t\t\t<div class=\"elementor-widget-container\">\n\t\t\t\t\t<h1 class=\"elementor-heading-title elementor-size-large\">CGV<\/h1>\t\t\t\t<\/div>\n\t\t\t\t<\/div>\n\t\t\t\t\t<\/div>\n\t\t\t\t<\/div>\n\t\t\t\t<\/div>\n\t\t\t\t\t<\/div>\n\t\t\t\t<\/div>\n\t\t<div class=\"elementor-element elementor-element-ce3f3a5 e-flex e-con-boxed e-con e-child\" data-id=\"ce3f3a5\" data-element_type=\"container\">\n\t\t\t\t\t<div class=\"e-con-inner\">\n\t\t<div class=\"elementor-element elementor-element-bf4555d e-flex e-con-boxed e-con e-child\" data-id=\"bf4555d\" data-element_type=\"container\">\n\t\t\t\t\t<div class=\"e-con-inner\">\n\t\t\t\t<div class=\"elementor-element elementor-element-352fb8b elementor-widget-mobile__width-auto elementor-widget elementor-widget-heading\" data-id=\"352fb8b\" data-element_type=\"widget\" data-widget_type=\"heading.default\">\n\t\t\t\t<div class=\"elementor-widget-container\">\n\t\t\t\t\t<h2 class=\"elementor-heading-title elementor-size-medium\">Conditions G\u00e9n\u00e9rales de Vente<\/h2>\t\t\t\t<\/div>\n\t\t\t\t<\/div>\n\t\t\t\t\t<\/div>\n\t\t\t\t<\/div>\n\t\t<div class=\"elementor-element elementor-element-bbd12bd e-flex e-con-boxed e-con e-child\" data-id=\"bbd12bd\" data-element_type=\"container\">\n\t\t\t\t\t<div class=\"e-con-inner\">\n\t\t<div class=\"elementor-element elementor-element-97b665c e-flex e-con-boxed e-con e-child\" data-id=\"97b665c\" data-element_type=\"container\">\n\t\t\t\t\t<div class=\"e-con-inner\">\n\t\t\t\t<div class=\"elementor-element elementor-element-06b2f0f elementor-widget elementor-widget-heading\" data-id=\"06b2f0f\" data-element_type=\"widget\" data-widget_type=\"heading.default\">\n\t\t\t\t<div class=\"elementor-widget-container\">\n\t\t\t\t\t<h3 class=\"elementor-heading-title elementor-size-medium\">Article 1 - Champ d'application :<\/h3>\t\t\t\t<\/div>\n\t\t\t\t<\/div>\n\t\t\t\t\t<\/div>\n\t\t\t\t<\/div>\n\t\t<div class=\"elementor-element elementor-element-34666bc e-flex e-con-boxed e-con e-child\" data-id=\"34666bc\" data-element_type=\"container\">\n\t\t\t\t\t<div class=\"e-con-inner\">\n\t\t\t\t<div class=\"elementor-element elementor-element-fade024 elementor-widget elementor-widget-text-editor\" data-id=\"fade024\" data-element_type=\"widget\" data-widget_type=\"text-editor.default\">\n\t\t\t\t<div class=\"elementor-widget-container\">\n\t\t\t\t\t\t\t\t\t<p>Les pr\u00e9sentes conditions g\u00e9n\u00e9rales de vente (CGV) s&rsquo;appliquent \u00e0 toutes les prestations de services et ventes de mat\u00e9riels r\u00e9alis\u00e9es par Informatique Proxi Services aupr\u00e8s de clients particuliers ou professionnels<\/p>\t\t\t\t\t\t\t\t<\/div>\n\t\t\t\t<\/div>\n\t\t\t\t\t<\/div>\n\t\t\t\t<\/div>\n\t\t\t\t\t<\/div>\n\t\t\t\t<\/div>\n\t\t<div class=\"elementor-element elementor-element-9ab9809 e-flex e-con-boxed e-con e-child\" data-id=\"9ab9809\" data-element_type=\"container\">\n\t\t\t\t\t<div class=\"e-con-inner\">\n\t\t<div class=\"elementor-element elementor-element-bf090b3 e-flex e-con-boxed e-con e-child\" data-id=\"bf090b3\" data-element_type=\"container\">\n\t\t\t\t\t<div class=\"e-con-inner\">\n\t\t\t\t<div class=\"elementor-element elementor-element-788676b elementor-widget elementor-widget-heading\" data-id=\"788676b\" data-element_type=\"widget\" data-widget_type=\"heading.default\">\n\t\t\t\t<div class=\"elementor-widget-container\">\n\t\t\t\t\t<h3 class=\"elementor-heading-title elementor-size-medium\">Article 2 \u2013 Services :<\/h3>\t\t\t\t<\/div>\n\t\t\t\t<\/div>\n\t\t\t\t\t<\/div>\n\t\t\t\t<\/div>\n\t\t<div class=\"elementor-element elementor-element-61376b4 e-flex e-con-boxed e-con e-child\" data-id=\"61376b4\" data-element_type=\"container\">\n\t\t\t\t\t<div class=\"e-con-inner\">\n\t\t\t\t<div class=\"elementor-element elementor-element-b76dab5 elementor-widget elementor-widget-text-editor\" data-id=\"b76dab5\" data-element_type=\"widget\" data-widget_type=\"text-editor.default\">\n\t\t\t\t<div class=\"elementor-widget-container\">\n\t\t\t\t\t\t\t\t\t<p class=\"whitespace-pre-wrap\">Les services comprennent les interventions \u00e0 domicile ou en atelier pour l&rsquo;assistance, le d\u00e9pannage, la r\u00e9paration et l&rsquo;installation de mat\u00e9riels informatiques. Les demandes d&rsquo;intervention peuvent \u00eatre transmises par t\u00e9l\u00e9phone, email ou formulaire en ligne. Le service est r\u00e9alis\u00e9 selon les conditions, tarifs et d\u00e9lais indiqu\u00e9s au client.<\/p>\t\t\t\t\t\t\t\t<\/div>\n\t\t\t\t<\/div>\n\t\t\t\t\t<\/div>\n\t\t\t\t<\/div>\n\t\t\t\t\t<\/div>\n\t\t\t\t<\/div>\n\t\t<div class=\"elementor-element elementor-element-b6ef15f e-flex e-con-boxed e-con e-child\" data-id=\"b6ef15f\" data-element_type=\"container\">\n\t\t\t\t\t<div class=\"e-con-inner\">\n\t\t<div class=\"elementor-element elementor-element-16eeee4 e-flex e-con-boxed e-con e-child\" data-id=\"16eeee4\" data-element_type=\"container\">\n\t\t\t\t\t<div class=\"e-con-inner\">\n\t\t\t\t<div class=\"elementor-element elementor-element-87fdb04 elementor-widget elementor-widget-heading\" data-id=\"87fdb04\" data-element_type=\"widget\" data-widget_type=\"heading.default\">\n\t\t\t\t<div class=\"elementor-widget-container\">\n\t\t\t\t\t<h3 class=\"elementor-heading-title elementor-size-medium\">Article 3 - Vente de mat\u00e9riels : <\/h3>\t\t\t\t<\/div>\n\t\t\t\t<\/div>\n\t\t\t\t\t<\/div>\n\t\t\t\t<\/div>\n\t\t<div class=\"elementor-element elementor-element-31e5094 e-flex e-con-boxed e-con e-child\" data-id=\"31e5094\" data-element_type=\"container\">\n\t\t\t\t\t<div class=\"e-con-inner\">\n\t\t\t\t<div class=\"elementor-element elementor-element-e91b04b elementor-widget elementor-widget-text-editor\" data-id=\"e91b04b\" data-element_type=\"widget\" data-widget_type=\"text-editor.default\">\n\t\t\t\t<div class=\"elementor-widget-container\">\n\t\t\t\t\t\t\t\t\t<p class=\"whitespace-pre-wrap\">Les mat\u00e9riels propos\u00e9s \u00e0 la vente sont des \u00e9quipements informatiques neufs ou reconditionn\u00e9s. Ils sont garantis contre tout vice de fonctionnement dans les conditions suivantes : 3 mois pour du mat\u00e9riel reconditionn\u00e9, 1 an pour du neuf. Le client doit signaler le d\u00e9faut dans un d\u00e9lai de 48h suivant la d\u00e9couverte du vice.<\/p>\t\t\t\t\t\t\t\t<\/div>\n\t\t\t\t<\/div>\n\t\t\t\t\t<\/div>\n\t\t\t\t<\/div>\n\t\t\t\t\t<\/div>\n\t\t\t\t<\/div>\n\t\t<div class=\"elementor-element elementor-element-7534596 e-flex e-con-boxed e-con e-child\" data-id=\"7534596\" data-element_type=\"container\">\n\t\t\t\t\t<div class=\"e-con-inner\">\n\t\t<div class=\"elementor-element elementor-element-a27809a e-flex e-con-boxed e-con e-child\" data-id=\"a27809a\" data-element_type=\"container\">\n\t\t\t\t\t<div class=\"e-con-inner\">\n\t\t\t\t<div class=\"elementor-element elementor-element-223883e elementor-widget elementor-widget-heading\" data-id=\"223883e\" data-element_type=\"widget\" data-widget_type=\"heading.default\">\n\t\t\t\t<div class=\"elementor-widget-container\">\n\t\t\t\t\t<h3 class=\"elementor-heading-title elementor-size-medium\">Article 4 - Prix et conditions de paiement : <\/h3>\t\t\t\t<\/div>\n\t\t\t\t<\/div>\n\t\t\t\t\t<\/div>\n\t\t\t\t<\/div>\n\t\t<div class=\"elementor-element elementor-element-099e111 e-flex e-con-boxed e-con e-child\" data-id=\"099e111\" data-element_type=\"container\">\n\t\t\t\t\t<div class=\"e-con-inner\">\n\t\t\t\t<div class=\"elementor-element elementor-element-49b42cc elementor-widget elementor-widget-text-editor\" data-id=\"49b42cc\" data-element_type=\"widget\" data-widget_type=\"text-editor.default\">\n\t\t\t\t<div class=\"elementor-widget-container\">\n\t\t\t\t\t\t\t\t\t<p class=\"whitespace-pre-wrap\">Les tarifs des services et mat\u00e9riels vendus sont indiqu\u00e9s en TTC. Le r\u00e8glement s&rsquo;effectue comptant au moment de l&rsquo;intervention ou de l&rsquo;enl\u00e8vement pour les ventes. Aucun escompte n&rsquo;est accord\u00e9 en cas de paiement anticip\u00e9.<\/p>\t\t\t\t\t\t\t\t<\/div>\n\t\t\t\t<\/div>\n\t\t\t\t\t<\/div>\n\t\t\t\t<\/div>\n\t\t\t\t\t<\/div>\n\t\t\t\t<\/div>\n\t\t<div class=\"elementor-element elementor-element-64da288 e-flex e-con-boxed e-con e-child\" data-id=\"64da288\" data-element_type=\"container\">\n\t\t\t\t\t<div class=\"e-con-inner\">\n\t\t<div class=\"elementor-element elementor-element-0d6a582 e-flex e-con-boxed e-con e-child\" data-id=\"0d6a582\" data-element_type=\"container\">\n\t\t\t\t\t<div class=\"e-con-inner\">\n\t\t\t\t<div class=\"elementor-element elementor-element-9c7641e elementor-widget elementor-widget-heading\" data-id=\"9c7641e\" data-element_type=\"widget\" data-widget_type=\"heading.default\">\n\t\t\t\t<div class=\"elementor-widget-container\">\n\t\t\t\t\t<h3 class=\"elementor-heading-title elementor-size-medium\">Article 5 \u2013 Responsabilit\u00e9 :  <\/h3>\t\t\t\t<\/div>\n\t\t\t\t<\/div>\n\t\t\t\t\t<\/div>\n\t\t\t\t<\/div>\n\t\t<div class=\"elementor-element elementor-element-cdd102b e-flex e-con-boxed e-con e-child\" data-id=\"cdd102b\" data-element_type=\"container\">\n\t\t\t\t\t<div class=\"e-con-inner\">\n\t\t\t\t<div class=\"elementor-element elementor-element-dd17f11 elementor-widget elementor-widget-text-editor\" data-id=\"dd17f11\" data-element_type=\"widget\" data-widget_type=\"text-editor.default\">\n\t\t\t\t<div class=\"elementor-widget-container\">\n\t\t\t\t\t\t\t\t\t<p class=\"whitespace-pre-wrap\">La responsabilit\u00e9 du prestataire ne peut \u00eatre engag\u00e9e qu&rsquo;en cas de faute ou n\u00e9gligence prouv\u00e9e et est limit\u00e9e aux pr\u00e9judices directs. Par ailleurs, la responsabilit\u00e9 du prestataire ne pourra pas \u00eatre engag\u00e9e en cas de force majeure<\/p>\t\t\t\t\t\t\t\t<\/div>\n\t\t\t\t<\/div>\n\t\t\t\t\t<\/div>\n\t\t\t\t<\/div>\n\t\t\t\t\t<\/div>\n\t\t\t\t<\/div>\n\t\t<div class=\"elementor-element elementor-element-3f35516 e-flex e-con-boxed e-con e-child\" data-id=\"3f35516\" data-element_type=\"container\">\n\t\t\t\t\t<div class=\"e-con-inner\">\n\t\t<div class=\"elementor-element elementor-element-c05cb24 e-flex e-con-boxed e-con e-child\" data-id=\"c05cb24\" data-element_type=\"container\">\n\t\t\t\t\t<div class=\"e-con-inner\">\n\t\t\t\t<div class=\"elementor-element elementor-element-5850cf4 elementor-widget elementor-widget-heading\" data-id=\"5850cf4\" data-element_type=\"widget\" data-widget_type=\"heading.default\">\n\t\t\t\t<div class=\"elementor-widget-container\">\n\t\t\t\t\t<h3 class=\"elementor-heading-title elementor-size-medium\">Article 6 \u2013 Donn\u00e9es personnelles : <\/h3>\t\t\t\t<\/div>\n\t\t\t\t<\/div>\n\t\t\t\t\t<\/div>\n\t\t\t\t<\/div>\n\t\t<div class=\"elementor-element elementor-element-6aa5d1e e-flex e-con-boxed e-con e-child\" data-id=\"6aa5d1e\" data-element_type=\"container\">\n\t\t\t\t\t<div class=\"e-con-inner\">\n\t\t\t\t<div class=\"elementor-element elementor-element-204bbc2 elementor-widget elementor-widget-text-editor\" data-id=\"204bbc2\" data-element_type=\"widget\" data-widget_type=\"text-editor.default\">\n\t\t\t\t<div class=\"elementor-widget-container\">\n\t\t\t\t\t\t\t\t\t<p class=\"whitespace-pre-wrap\">Conform\u00e9ment au RGPD, le client est inform\u00e9 que ses donn\u00e9es personnelles sont collect\u00e9es \u00e0 des fins de gestion administrative et commerciale. Il dispose d&rsquo;un droit d&rsquo;acc\u00e8s, de rectification et d&rsquo;effacement de ses donn\u00e9es.<\/p>\t\t\t\t\t\t\t\t<\/div>\n\t\t\t\t<\/div>\n\t\t\t\t\t<\/div>\n\t\t\t\t<\/div>\n\t\t\t\t\t<\/div>\n\t\t\t\t<\/div>\n\t\t<div class=\"elementor-element elementor-element-b03cee9 e-flex e-con-boxed e-con e-child\" data-id=\"b03cee9\" data-element_type=\"container\">\n\t\t\t\t\t<div class=\"e-con-inner\">\n\t\t<div class=\"elementor-element elementor-element-cb513c9 e-flex e-con-boxed e-con e-child\" data-id=\"cb513c9\" data-element_type=\"container\">\n\t\t\t\t\t<div class=\"e-con-inner\">\n\t\t\t\t<div class=\"elementor-element elementor-element-5003645 elementor-widget elementor-widget-heading\" data-id=\"5003645\" data-element_type=\"widget\" data-widget_type=\"heading.default\">\n\t\t\t\t<div class=\"elementor-widget-container\">\n\t\t\t\t\t<h3 class=\"elementor-heading-title elementor-size-medium\">Article 7 \u2013 Litiges : <\/h3>\t\t\t\t<\/div>\n\t\t\t\t<\/div>\n\t\t\t\t\t<\/div>\n\t\t\t\t<\/div>\n\t\t<div class=\"elementor-element elementor-element-2502e17 e-flex e-con-boxed e-con e-child\" data-id=\"2502e17\" data-element_type=\"container\">\n\t\t\t\t\t<div class=\"e-con-inner\">\n\t\t\t\t<div class=\"elementor-element elementor-element-2549b4a elementor-widget elementor-widget-text-editor\" data-id=\"2549b4a\" data-element_type=\"widget\" data-widget_type=\"text-editor.default\">\n\t\t\t\t<div class=\"elementor-widget-container\">\n\t\t\t\t\t\t\t\t\t<p class=\"whitespace-pre-wrap\">Les pr\u00e9sentes CGV sont soumises \u00e0 la loi fran\u00e7aise. En cas de litige, une solution amiable sera recherch\u00e9e avant toute action judiciaire. Le tribunal de commerce de [ville] sera le seul comp\u00e9tent.<\/p>\t\t\t\t\t\t\t\t<\/div>\n\t\t\t\t<\/div>\n\t\t\t\t\t<\/div>\n\t\t\t\t<\/div>\n\t\t<div class=\"elementor-element elementor-element-2b203f0 e-flex e-con-boxed e-con e-child\" data-id=\"2b203f0\" data-element_type=\"container\">\n\t\t\t\t\t<div class=\"e-con-inner\">\n\t\t\t\t<div class=\"elementor-element elementor-element-aacdca0 elementor-widget elementor-widget-text-editor\" data-id=\"aacdca0\" data-element_type=\"widget\" data-widget_type=\"text-editor.default\">\n\t\t\t\t<div class=\"elementor-widget-container\">\n\t\t\t\t\t\t\t\t\t<p class=\"whitespace-pre-wrap\">Fait \u00e0 Avon les Roches, le 01\/03\/2024<\/p>\t\t\t\t\t\t\t\t<\/div>\n\t\t\t\t<\/div>\n\t\t\t\t\t<\/div>\n\t\t\t\t<\/div>\n\t\t\t\t\t<\/div>\n\t\t\t\t<\/div>\n\t\t\t\t\t<\/div>\n\t\t\t\t<\/div>\n\t\t\t\t\t<\/div>\n\t\t\t\t<\/div>\n\t\t\t\t<\/div>\n\t\t","protected":false},"excerpt":{"rendered":"<p>CGV Conditions G\u00e9n\u00e9rales de Vente Article 1 &#8211; Champ d&rsquo;application : Les pr\u00e9sentes conditions g\u00e9n\u00e9rales de vente (CGV) s&rsquo;appliquent \u00e0 toutes les prestations de services et ventes de mat\u00e9riels r\u00e9alis\u00e9es par Informatique Proxi Services aupr\u00e8s de clients particuliers ou professionnels Article 2 \u2013 Services : Les services comprennent les interventions \u00e0 domicile ou en atelier [&hellip;]<\/p>\n","protected":false},"author":1,"featured_media":0,"parent":0,"menu_order":0,"comment_status":"closed","ping_status":"closed","template":"","meta":{"footnotes":""},"class_list":["post-3382","page","type-page","status-publish","hentry"],"yoast_head":"<!-- This site is optimized with the Yoast SEO plugin v26.2 - https:\/\/yoast.com\/wordpress\/plugins\/seo\/ -->\n<title>CGV - informatique proxi services<\/title>\n<meta name=\"description\" content=\"site, accessible \u00e0 l\u2019URL www.informatiqueproxiservices.fr, est \u00e9dit\u00e9 par : Le Directeur de la publication du Site est St\u00e9phane PERRAULT.\" \/>\n<meta name=\"robots\" content=\"index, follow, max-snippet:-1, max-image-preview:large, max-video-preview:-1\" \/>\n<link rel=\"canonical\" href=\"https:\/\/informatiqueproxiservices.fr\/index.php\/cgv\/\" \/>\n<meta property=\"og:locale\" content=\"fr_FR\" \/>\n<meta property=\"og:type\" content=\"article\" \/>\n<meta property=\"og:title\" content=\"CGV - informatique proxi services\" \/>\n<meta property=\"og:description\" content=\"site, accessible \u00e0 l\u2019URL www.informatiqueproxiservices.fr, est \u00e9dit\u00e9 par : Le Directeur de la publication du Site est St\u00e9phane PERRAULT.\" \/>\n<meta property=\"og:url\" content=\"https:\/\/informatiqueproxiservices.fr\/index.php\/cgv\/\" \/>\n<meta property=\"og:site_name\" content=\"informatique proxi services\" \/>\n<meta property=\"article:modified_time\" content=\"2025-04-04T07:26:12+00:00\" \/>\n<meta property=\"og:image\" content=\"https:\/\/informatiqueproxiservices.fr\/wp-content\/uploads\/2023\/03\/Icon-Steph-blanc-ind-D-90x90-1.png\" \/>\n\t<meta property=\"og:image:width\" content=\"90\" \/>\n\t<meta property=\"og:image:height\" content=\"89\" \/>\n\t<meta property=\"og:image:type\" content=\"image\/png\" \/>\n<meta name=\"twitter:card\" content=\"summary_large_image\" \/>\n<meta name=\"twitter:label1\" content=\"Dur\u00e9e de lecture estim\u00e9e\" \/>\n\t<meta name=\"twitter:data1\" content=\"2 minutes\" \/>\n<script type=\"application\/ld+json\" class=\"yoast-schema-graph\">{\"@context\":\"https:\/\/schema.org\",\"@graph\":[{\"@type\":\"WebPage\",\"@id\":\"https:\/\/informatiqueproxiservices.fr\/index.php\/cgv\/\",\"url\":\"https:\/\/informatiqueproxiservices.fr\/index.php\/cgv\/\",\"name\":\"CGV - informatique proxi services\",\"isPartOf\":{\"@id\":\"https:\/\/informatiqueproxiservices.fr\/#website\"},\"primaryImageOfPage\":{\"@id\":\"https:\/\/informatiqueproxiservices.fr\/index.php\/cgv\/#primaryimage\"},\"image\":{\"@id\":\"https:\/\/informatiqueproxiservices.fr\/index.php\/cgv\/#primaryimage\"},\"thumbnailUrl\":\"https:\/\/informatiqueproxiservices.fr\/wp-content\/uploads\/2023\/03\/Icon-Steph-blanc-ind-D-90x90-1.png\",\"datePublished\":\"2024-03-01T10:48:22+00:00\",\"dateModified\":\"2025-04-04T07:26:12+00:00\",\"description\":\"site, accessible \u00e0 l\u2019URL www.informatiqueproxiservices.fr, est \u00e9dit\u00e9 par : Le Directeur de la publication du Site est St\u00e9phane PERRAULT.\",\"breadcrumb\":{\"@id\":\"https:\/\/informatiqueproxiservices.fr\/index.php\/cgv\/#breadcrumb\"},\"inLanguage\":\"fr-FR\",\"potentialAction\":[{\"@type\":\"ReadAction\",\"target\":[\"https:\/\/informatiqueproxiservices.fr\/index.php\/cgv\/\"]}]},{\"@type\":\"ImageObject\",\"inLanguage\":\"fr-FR\",\"@id\":\"https:\/\/informatiqueproxiservices.fr\/index.php\/cgv\/#primaryimage\",\"url\":\"https:\/\/informatiqueproxiservices.fr\/wp-content\/uploads\/2023\/03\/Icon-Steph-blanc-ind-D-90x90-1.png\",\"contentUrl\":\"https:\/\/informatiqueproxiservices.fr\/wp-content\/uploads\/2023\/03\/Icon-Steph-blanc-ind-D-90x90-1.png\",\"width\":90,\"height\":89},{\"@type\":\"BreadcrumbList\",\"@id\":\"https:\/\/informatiqueproxiservices.fr\/index.php\/cgv\/#breadcrumb\",\"itemListElement\":[{\"@type\":\"ListItem\",\"position\":1,\"name\":\"Accueil\",\"item\":\"https:\/\/informatiqueproxiservices.fr\/\"},{\"@type\":\"ListItem\",\"position\":2,\"name\":\"CGV\"}]},{\"@type\":\"WebSite\",\"@id\":\"https:\/\/informatiqueproxiservices.fr\/#website\",\"url\":\"https:\/\/informatiqueproxiservices.fr\/\",\"name\":\"informatique proxi services\",\"description\":\"L&#039;informatique \u00e0 port\u00e9e de main\",\"publisher\":{\"@id\":\"https:\/\/informatiqueproxiservices.fr\/#organization\"},\"potentialAction\":[{\"@type\":\"SearchAction\",\"target\":{\"@type\":\"EntryPoint\",\"urlTemplate\":\"https:\/\/informatiqueproxiservices.fr\/?s={search_term_string}\"},\"query-input\":{\"@type\":\"PropertyValueSpecification\",\"valueRequired\":true,\"valueName\":\"search_term_string\"}}],\"inLanguage\":\"fr-FR\"},{\"@type\":\"Organization\",\"@id\":\"https:\/\/informatiqueproxiservices.fr\/#organization\",\"name\":\"informatique proxi services\",\"url\":\"https:\/\/informatiqueproxiservices.fr\/\",\"logo\":{\"@type\":\"ImageObject\",\"inLanguage\":\"fr-FR\",\"@id\":\"https:\/\/informatiqueproxiservices.fr\/#\/schema\/logo\/image\/\",\"url\":\"https:\/\/informatiqueproxiservices.fr\/wp-content\/uploads\/2023\/03\/logo-du-site-internet-ind-E-1.png\",\"contentUrl\":\"https:\/\/informatiqueproxiservices.fr\/wp-content\/uploads\/2023\/03\/logo-du-site-internet-ind-E-1.png\",\"width\":350,\"height\":67,\"caption\":\"informatique proxi services\"},\"image\":{\"@id\":\"https:\/\/informatiqueproxiservices.fr\/#\/schema\/logo\/image\/\"}}]}<\/script>\n<!-- \/ Yoast SEO plugin. -->","yoast_head_json":{"title":"CGV - informatique proxi services","description":"site, accessible \u00e0 l\u2019URL www.informatiqueproxiservices.fr, est \u00e9dit\u00e9 par : Le Directeur de la publication du Site est St\u00e9phane PERRAULT.","robots":{"index":"index","follow":"follow","max-snippet":"max-snippet:-1","max-image-preview":"max-image-preview:large","max-video-preview":"max-video-preview:-1"},"canonical":"https:\/\/informatiqueproxiservices.fr\/index.php\/cgv\/","og_locale":"fr_FR","og_type":"article","og_title":"CGV - informatique proxi services","og_description":"site, accessible \u00e0 l\u2019URL www.informatiqueproxiservices.fr, est \u00e9dit\u00e9 par : Le Directeur de la publication du Site est St\u00e9phane PERRAULT.","og_url":"https:\/\/informatiqueproxiservices.fr\/index.php\/cgv\/","og_site_name":"informatique proxi services","article_modified_time":"2025-04-04T07:26:12+00:00","og_image":[{"width":90,"height":89,"url":"https:\/\/informatiqueproxiservices.fr\/wp-content\/uploads\/2023\/03\/Icon-Steph-blanc-ind-D-90x90-1.png","type":"image\/png"}],"twitter_card":"summary_large_image","twitter_misc":{"Dur\u00e9e de lecture estim\u00e9e":"2 minutes"},"schema":{"@context":"https:\/\/schema.org","@graph":[{"@type":"WebPage","@id":"https:\/\/informatiqueproxiservices.fr\/index.php\/cgv\/","url":"https:\/\/informatiqueproxiservices.fr\/index.php\/cgv\/","name":"CGV - informatique proxi services","isPartOf":{"@id":"https:\/\/informatiqueproxiservices.fr\/#website"},"primaryImageOfPage":{"@id":"https:\/\/informatiqueproxiservices.fr\/index.php\/cgv\/#primaryimage"},"image":{"@id":"https:\/\/informatiqueproxiservices.fr\/index.php\/cgv\/#primaryimage"},"thumbnailUrl":"https:\/\/informatiqueproxiservices.fr\/wp-content\/uploads\/2023\/03\/Icon-Steph-blanc-ind-D-90x90-1.png","datePublished":"2024-03-01T10:48:22+00:00","dateModified":"2025-04-04T07:26:12+00:00","description":"site, accessible \u00e0 l\u2019URL www.informatiqueproxiservices.fr, est \u00e9dit\u00e9 par : Le Directeur de la publication du Site est St\u00e9phane PERRAULT.","breadcrumb":{"@id":"https:\/\/informatiqueproxiservices.fr\/index.php\/cgv\/#breadcrumb"},"inLanguage":"fr-FR","potentialAction":[{"@type":"ReadAction","target":["https:\/\/informatiqueproxiservices.fr\/index.php\/cgv\/"]}]},{"@type":"ImageObject","inLanguage":"fr-FR","@id":"https:\/\/informatiqueproxiservices.fr\/index.php\/cgv\/#primaryimage","url":"https:\/\/informatiqueproxiservices.fr\/wp-content\/uploads\/2023\/03\/Icon-Steph-blanc-ind-D-90x90-1.png","contentUrl":"https:\/\/informatiqueproxiservices.fr\/wp-content\/uploads\/2023\/03\/Icon-Steph-blanc-ind-D-90x90-1.png","width":90,"height":89},{"@type":"BreadcrumbList","@id":"https:\/\/informatiqueproxiservices.fr\/index.php\/cgv\/#breadcrumb","itemListElement":[{"@type":"ListItem","position":1,"name":"Accueil","item":"https:\/\/informatiqueproxiservices.fr\/"},{"@type":"ListItem","position":2,"name":"CGV"}]},{"@type":"WebSite","@id":"https:\/\/informatiqueproxiservices.fr\/#website","url":"https:\/\/informatiqueproxiservices.fr\/","name":"informatique proxi services","description":"L&#039;informatique \u00e0 port\u00e9e de main","publisher":{"@id":"https:\/\/informatiqueproxiservices.fr\/#organization"},"potentialAction":[{"@type":"SearchAction","target":{"@type":"EntryPoint","urlTemplate":"https:\/\/informatiqueproxiservices.fr\/?s={search_term_string}"},"query-input":{"@type":"PropertyValueSpecification","valueRequired":true,"valueName":"search_term_string"}}],"inLanguage":"fr-FR"},{"@type":"Organization","@id":"https:\/\/informatiqueproxiservices.fr\/#organization","name":"informatique proxi services","url":"https:\/\/informatiqueproxiservices.fr\/","logo":{"@type":"ImageObject","inLanguage":"fr-FR","@id":"https:\/\/informatiqueproxiservices.fr\/#\/schema\/logo\/image\/","url":"https:\/\/informatiqueproxiservices.fr\/wp-content\/uploads\/2023\/03\/logo-du-site-internet-ind-E-1.png","contentUrl":"https:\/\/informatiqueproxiservices.fr\/wp-content\/uploads\/2023\/03\/logo-du-site-internet-ind-E-1.png","width":350,"height":67,"caption":"informatique proxi services"},"image":{"@id":"https:\/\/informatiqueproxiservices.fr\/#\/schema\/logo\/image\/"}}]}},"_links":{"self":[{"href":"https:\/\/informatiqueproxiservices.fr\/index.php\/wp-json\/wp\/v2\/pages\/3382","targetHints":{"allow":["GET"]}}],"collection":[{"href":"https:\/\/informatiqueproxiservices.fr\/index.php\/wp-json\/wp\/v2\/pages"}],"about":[{"href":"https:\/\/informatiqueproxiservices.fr\/index.php\/wp-json\/wp\/v2\/types\/page"}],"author":[{"embeddable":true,"href":"https:\/\/informatiqueproxiservices.fr\/index.php\/wp-json\/wp\/v2\/users\/1"}],"replies":[{"embeddable":true,"href":"https:\/\/informatiqueproxiservices.fr\/index.php\/wp-json\/wp\/v2\/comments?post=3382"}],"version-history":[{"count":141,"href":"https:\/\/informatiqueproxiservices.fr\/index.php\/wp-json\/wp\/v2\/pages\/3382\/revisions"}],"predecessor-version":[{"id":3739,"href":"https:\/\/informatiqueproxiservices.fr\/index.php\/wp-json\/wp\/v2\/pages\/3382\/revisions\/3739"}],"wp:attachment":[{"href":"https:\/\/informatiqueproxiservices.fr\/index.php\/wp-json\/wp\/v2\/media?parent=3382"}],"curies":[{"name":"wp","href":"https:\/\/api.w.org\/{rel}","templated":true}]}}