{"id":142,"date":"2023-03-27T15:22:44","date_gmt":"2023-03-27T13:22:44","guid":{"rendered":"http:\/\/192.168.1.114\/?page_id=142"},"modified":"2025-04-04T09:24:10","modified_gmt":"2025-04-04T07:24:10","slug":"contact","status":"publish","type":"page","link":"https:\/\/informatiqueproxiservices.fr\/index.php\/contact\/","title":{"rendered":"Formulaire de Contact"},"content":{"rendered":"\t\t<div data-elementor-type=\"wp-page\" data-elementor-id=\"142\" class=\"elementor elementor-142\">\n\t\t\t\t<div class=\"elementor-element elementor-element-29ea483 e-con-full e-flex e-con e-parent\" data-id=\"29ea483\" data-element_type=\"container\" data-settings=\"{&quot;background_background&quot;:&quot;classic&quot;}\">\n\t\t<div class=\"elementor-element elementor-element-73129a4 e-flex e-con-boxed e-con e-child\" data-id=\"73129a4\" data-element_type=\"container\">\n\t\t\t\t\t<div class=\"e-con-inner\">\n\t\t<div class=\"elementor-element elementor-element-541c06b e-con-full e-flex e-con e-child\" data-id=\"541c06b\" data-element_type=\"container\">\n\t\t\t\t<div class=\"elementor-element elementor-element-fb40f1b elementor-widget__width-initial elementor-widget elementor-widget-image\" data-id=\"fb40f1b\" data-element_type=\"widget\" data-widget_type=\"image.default\">\n\t\t\t\t<div class=\"elementor-widget-container\">\n\t\t\t\t\t\t\t\t\t\t\t\t\t\t\t\t<a href=\"https:\/\/informatiqueproxiservices.fr\/\">\n\t\t\t\t\t\t\t<img decoding=\"async\" width=\"90\" height=\"89\" src=\"https:\/\/informatiqueproxiservices.fr\/wp-content\/uploads\/2023\/03\/Icon-Steph-blanc-ind-D-90x90-1.png\" class=\"elementor-animation-wobble-top attachment-full size-full wp-image-101\" alt=\"\" srcset=\"https:\/\/informatiqueproxiservices.fr\/wp-content\/uploads\/2023\/03\/Icon-Steph-blanc-ind-D-90x90-1.png 90w, https:\/\/informatiqueproxiservices.fr\/wp-content\/uploads\/2023\/03\/elementor\/thumbs\/Icon-Steph-blanc-ind-D-90x90-1-q44pwsfu88q2qd2vbh0571w3j8pxl7ycn3b29wiik4.png 50w\" sizes=\"(max-width: 90px) 100vw, 90px\" \/>\t\t\t\t\t\t\t\t<\/a>\n\t\t\t\t\t\t\t\t\t\t\t\t\t\t\t<\/div>\n\t\t\t\t<\/div>\n\t\t\t\t<\/div>\n\t\t<div class=\"elementor-element elementor-element-f63e5ab e-con-full e-flex e-con e-child\" data-id=\"f63e5ab\" data-element_type=\"container\">\n\t\t<div class=\"elementor-element elementor-element-0968800 e-flex e-con-boxed e-con e-child\" data-id=\"0968800\" data-element_type=\"container\">\n\t\t\t\t\t<div class=\"e-con-inner\">\n\t\t\t\t<div class=\"elementor-element elementor-element-da9c264 elementor-widget elementor-widget-heading\" data-id=\"da9c264\" data-element_type=\"widget\" data-widget_type=\"heading.default\">\n\t\t\t\t<div class=\"elementor-widget-container\">\n\t\t\t\t\t<h2 class=\"elementor-heading-title elementor-size-large\">Formulaire de contact<\/h2>\t\t\t\t<\/div>\n\t\t\t\t<\/div>\n\t\t\t\t\t<\/div>\n\t\t\t\t<\/div>\n\t\t\t\t<\/div>\n\t\t\t\t\t<\/div>\n\t\t\t\t<\/div>\n\t\t<div class=\"elementor-element elementor-element-ca7dc8c e-flex e-con-boxed e-con e-child\" data-id=\"ca7dc8c\" data-element_type=\"container\">\n\t\t\t\t\t<div class=\"e-con-inner\">\n\t\t<div class=\"elementor-element elementor-element-9f3491a e-con-full e-flex e-con e-child\" data-id=\"9f3491a\" data-element_type=\"container\">\n\t\t\t\t<div class=\"elementor-element elementor-element-b7e2777 elementor-widget elementor-widget-text-editor\" data-id=\"b7e2777\" data-element_type=\"widget\" data-widget_type=\"text-editor.default\">\n\t\t\t\t<div class=\"elementor-widget-container\">\n\t\t\t\t\t\t\t\t\t<p>Vous pouvez poser vos questions via le formulaire ci dessous.<\/p><p>Pour les demandes de devis de r\u00e9paration de mat\u00e9riel cela ne pourra \u00eatre q&rsquo;une estimation. Il me faudra le mod\u00e8le exact du mat\u00e9riel en question.\u00a0\u00a0<\/p>\t\t\t\t\t\t\t\t<\/div>\n\t\t\t\t<\/div>\n\t\t\t\t<\/div>\n\t\t\t\t\t<\/div>\n\t\t\t\t<\/div>\n\t\t<div class=\"elementor-element elementor-element-18198e6 e-con-full e-flex e-con e-child\" data-id=\"18198e6\" data-element_type=\"container\">\n\t\t<div class=\"elementor-element elementor-element-cafffb8 e-con-full e-flex e-con e-child\" data-id=\"cafffb8\" data-element_type=\"container\">\n\t\t\t\t<div class=\"elementor-element elementor-element-38c654c elementor-widget__width-initial elementor-widget-mobile__width-initial elementor-widget elementor-widget-formidable\" data-id=\"38c654c\" data-element_type=\"widget\" data-widget_type=\"formidable.default\">\n\t\t\t\t<div class=\"elementor-widget-container\">\n\t\t\t\t\t<div class=\"frm_forms  with_frm_style frm_style_style-formidable\" id=\"frm_form_2_container\" data-token=\"75742a7094c544ea681255cc7f9aca26\">\n<form enctype=\"multipart\/form-data\" method=\"post\" class=\"frm-show-form \" id=\"form_formulairecontact\" data-token=\"75742a7094c544ea681255cc7f9aca26\">\n<div class=\"frm_form_fields \">\n<fieldset>\n<legend class=\"frm_screen_reader\">Formulaire de contact<\/legend>\r\n\r\n<div class=\"frm_fields_container\">\n<input type=\"hidden\" name=\"frm_action\" value=\"create\" \/>\n<input type=\"hidden\" name=\"form_id\" value=\"2\" \/>\n<input type=\"hidden\" name=\"frm_hide_fields_2\" id=\"frm_hide_fields_2\" value=\"\" \/>\n<input type=\"hidden\" name=\"form_key\" value=\"formulairecontact\" \/>\n<input type=\"hidden\" name=\"item_meta[0]\" value=\"\" \/>\n<input type=\"hidden\" id=\"frm_submit_entry_2\" name=\"frm_submit_entry_2\" value=\"1e226f3628\" \/><input type=\"hidden\" name=\"_wp_http_referer\" value=\"\/index.php\/wp-json\/wp\/v2\/pages\/142\" \/><div id=\"frm_field_6_container\" class=\"frm_form_field form-field  frm_top_container frm12\">\r\n    <label for=\"field_9bmod\" id=\"field_9bmod_label\" class=\"frm_primary_label\">\r\n        <span class=\"frm_required\" aria-hidden=\"true\"><\/span>\r\n    <\/label>\r\n    <input type=\"text\" id=\"field_9bmod\" name=\"item_meta[6]\" value=\"\"  placeholder=\"Pr\u00e9nom\" data-invmsg=\"texte est non valide\" aria-invalid=\"false\"  \/>\r\n    \r\n    \r\n<\/div>\n<div id=\"frm_field_7_container\" class=\"frm_form_field form-field  frm_top_container frm12\">\r\n    <label for=\"field_4koqb\" id=\"field_4koqb_label\" class=\"frm_primary_label\">\r\n        <span class=\"frm_required\" aria-hidden=\"true\"><\/span>\r\n    <\/label>\r\n    <input type=\"text\" id=\"field_4koqb\" name=\"item_meta[7]\" value=\"\"  placeholder=\"Nom\" data-invmsg=\"texte est non valide\" aria-invalid=\"false\"  \/>\r\n    \r\n    \r\n<\/div>\n<div id=\"frm_field_8_container\" class=\"frm_form_field form-field  frm_required_field frm_top_container frm12\">\r\n    <label for=\"field_rs5ll\" id=\"field_rs5ll_label\" class=\"frm_primary_label\">\r\n        <span class=\"frm_required\" aria-hidden=\"true\">*<\/span>\r\n    <\/label>\r\n    <input type=\"email\" id=\"field_rs5ll\" name=\"item_meta[8]\" value=\"\"  placeholder=\"Email\" data-reqmsg=\"Ce champ ne peut pas \u00eatre vide\" aria-required=\"true\" data-invmsg=\"Email est non valide\" aria-invalid=\"false\"  \/>\r\n    \r\n    \r\n<\/div>\n<div id=\"frm_field_12_container\" class=\"frm_form_field form-field  frm_top_container frm12\">\r\n    <label for=\"field_vneup\" id=\"field_vneup_label\" class=\"frm_primary_label\">\r\n        <span class=\"frm_required\" aria-hidden=\"true\"><\/span>\r\n    <\/label>\r\n    <input type=\"tel\" id=\"field_vneup\" name=\"item_meta[12]\" value=\"\"  placeholder=\"num\u00e9ro\" data-invmsg=\"T\u00e9l\u00e9phone est non valide\" aria-invalid=\"false\" pattern=\"((\\+\\d{1,3}(-|.| )?\\(?\\d\\)?(-| |.)?\\d{1,5})|(\\(?\\d{2,6}\\)?))(-|.| )?(\\d{3,4})(-|.| )?(\\d{4})(( x| ext)\\d{1,5}){0,1}$\"  \/>\r\n    \r\n    \r\n<\/div>\n<div id=\"frm_field_11_container\" class=\"frm_form_field form-field  frm_required_field frm_top_container frm12 frm_first frm_half\">\r\n    <label for=\"field_sa311\" id=\"field_sa311_label\" class=\"frm_primary_label\">Liste d\u00e9roulante\r\n        <span class=\"frm_required\" aria-hidden=\"true\">*<\/span>\r\n    <\/label>\r\n    \t\t<select name=\"item_meta[11]\" id=\"field_sa311\"  data-reqmsg=\"Ce champ ne peut pas \u00eatre vide\" aria-required=\"true\" data-invmsg=\"Liste d\u00e9roulante est non valide\" class=\"auto_width\" aria-invalid=\"false\"  >\n\t\t<option  value=\"Demande de renseignement\">Demande de renseignement<\/option><option  value=\"Demande de devis\">Demande de devis<\/option><option  value=\"Autre demande\">Autre demande<\/option>\t<\/select>\n\t\r\n    \r\n    \r\n<\/div>\n<div id=\"frm_field_9_container\" class=\"frm_form_field form-field  frm_required_field frm_top_container frm12\">\r\n    <label for=\"field_n2toe\" id=\"field_n2toe_label\" class=\"frm_primary_label\">message\r\n        <span class=\"frm_required\" aria-hidden=\"true\">*<\/span>\r\n    <\/label>\r\n    <textarea name=\"item_meta[9]\" id=\"field_n2toe\" rows=\"5\"  placeholder=\"Message\" data-reqmsg=\"Ce champ ne peut pas \u00eatre vide\" aria-required=\"true\" data-invmsg=\"message est non valide\" aria-invalid=\"false\"  ><\/textarea>\r\n    \r\n    \r\n<\/div>\n<div id=\"frm_field_13_container\" class=\"frm_form_field form-field  frm_top_container vertical_radio\">\n    <div  id=\"field_jd9im_label\" class=\"frm_primary_label\">Case \u00e0 cocher\n        <span class=\"frm_required\" aria-hidden=\"true\"><\/span>\n    <\/div>\n    <div class=\"frm_opt_container\" aria-labelledby=\"field_jd9im_label\" role=\"group\">\t\t<div class=\"frm_checkbox\" id=\"frm_checkbox_13-0\">\t\t\t<label  for=\"field_jd9im-0\">\n\t\t\t<input type=\"checkbox\" name=\"item_meta[13][]\" id=\"field_jd9im-0\" value=\"J&#039;accepte que mes donn\u00e9es soit trait\u00e9es.\"  data-invmsg=\"Case \u00e0 cocher est non valide\"   \/> J'accepte que mes donn\u00e9es soit trait\u00e9es.<\/label><\/div>\n\t\t<div class=\"frm_checkbox\" id=\"frm_checkbox_13-1\">\t\t\t<label  for=\"field_jd9im-1\">\n\t\t\t<input type=\"checkbox\" name=\"item_meta[13][]\" id=\"field_jd9im-1\" value=\"J&#039;accepte de recevoir des informations de informatiqueproxiservices.fr\"  data-invmsg=\"Case \u00e0 cocher est non valide\"   \/> J'accepte de recevoir des informations de informatiqueproxiservices.fr<\/label><\/div>\n<\/div>\n    \n    \n<\/div>\n<div id=\"frm_field_14_container\" class=\"frm_form_field form-field  frm_top_container\">\n    <label for=\"field_r8u0s\" id=\"field_r8u0s_label\" class=\"frm_primary_label\">Site Web\/URL\n        <span class=\"frm_required\" aria-hidden=\"true\"><\/span>\n    <\/label>\n    <input type=\"url\" id=\"field_r8u0s\" name=\"item_meta[14]\" value=\"\"  data-invmsg=\"Site Web\/URL est non valide\" aria-invalid=\"false\"  \/>\n    \n    \n<\/div>\n\t<input type=\"hidden\" name=\"item_key\" value=\"\" \/>\n\t\t\t<div id=\"frm_field_15_container\">\n\t\t\t<label for=\"field_j1ahx\" >\n\t\t\t\tSi vous \u00eates un humain, ne remplissez pas ce champ.\t\t\t<\/label>\n\t\t\t<input  id=\"field_j1ahx\" type=\"text\" class=\"frm_form_field form-field frm_verify\" name=\"item_meta[15]\" value=\"\"  \/>\n\t\t<\/div>\n\t\t<input name=\"frm_state\" type=\"hidden\" value=\"fhSqzXcfVJsbqScrbyIKYg+ZUblEpyU7nyuEi8lJlgA=\" \/><div class=\"frm_submit\">\r\n\r\n<button class=\"frm_button_submit\" type=\"submit\"  >Envoyer<\/button>\r\n\r\n\r\n<\/div><\/div>\n<\/fieldset>\n<\/div>\n\n<\/form>\n<\/div>\n\t\t\t\t<\/div>\n\t\t\t\t<\/div>\n\t\t\t\t<\/div>\n\t\t\t\t<\/div>\n\t\t\t\t<\/div>\n\t\t\t\t<\/div>\n\t\t","protected":false},"excerpt":{"rendered":"<p>Formulaire de contact Vous pouvez poser vos questions via le formulaire ci dessous. Pour les demandes de devis de r\u00e9paration de mat\u00e9riel cela ne pourra \u00eatre q&rsquo;une estimation. Il me faudra le mod\u00e8le exact du mat\u00e9riel en question.\u00a0\u00a0 Formulaire de contact * Liste d\u00e9roulante * Demande de renseignementDemande de devisAutre demande message * Case \u00e0 [&hellip;]<\/p>\n","protected":false},"author":1,"featured_media":0,"parent":0,"menu_order":0,"comment_status":"closed","ping_status":"closed","template":"","meta":{"footnotes":""},"class_list":["post-142","page","type-page","status-publish","hentry"],"yoast_head":"<!-- This site is optimized with the Yoast SEO plugin v26.2 - https:\/\/yoast.com\/wordpress\/plugins\/seo\/ -->\n<title>contact - formulaire - demande devis - questions<\/title>\n<meta name=\"description\" content=\"Vous pouvez poser vos questions via le formulaire ci dessous. demandes de devis de r\u00e9paration de mat\u00e9riel.\" \/>\n<meta name=\"robots\" content=\"index, follow, max-snippet:-1, max-image-preview:large, max-video-preview:-1\" \/>\n<link rel=\"canonical\" href=\"https:\/\/informatiqueproxiservices.fr\/index.php\/contact\/\" \/>\n<meta property=\"og:locale\" content=\"fr_FR\" \/>\n<meta property=\"og:type\" content=\"article\" \/>\n<meta property=\"og:title\" content=\"contact - formulaire - demande devis - questions\" \/>\n<meta property=\"og:description\" content=\"Vous pouvez poser vos questions via le formulaire ci dessous. demandes de devis de r\u00e9paration de mat\u00e9riel.\" \/>\n<meta property=\"og:url\" content=\"https:\/\/informatiqueproxiservices.fr\/index.php\/contact\/\" \/>\n<meta property=\"og:site_name\" content=\"informatique proxi services\" \/>\n<meta property=\"article:modified_time\" content=\"2025-04-04T07:24:10+00:00\" \/>\n<meta property=\"og:image\" content=\"https:\/\/informatiqueproxiservices.fr\/wp-content\/uploads\/2023\/03\/Icon-Steph-blanc-ind-D-90x90-1.png\" \/>\n\t<meta property=\"og:image:width\" content=\"90\" \/>\n\t<meta property=\"og:image:height\" content=\"89\" \/>\n\t<meta property=\"og:image:type\" content=\"image\/png\" \/>\n<meta name=\"twitter:card\" content=\"summary_large_image\" \/>\n<meta name=\"twitter:label1\" content=\"Dur\u00e9e de lecture estim\u00e9e\" \/>\n\t<meta name=\"twitter:data1\" content=\"1 minute\" \/>\n<script type=\"application\/ld+json\" class=\"yoast-schema-graph\">{\"@context\":\"https:\/\/schema.org\",\"@graph\":[{\"@type\":\"WebPage\",\"@id\":\"https:\/\/informatiqueproxiservices.fr\/index.php\/contact\/\",\"url\":\"https:\/\/informatiqueproxiservices.fr\/index.php\/contact\/\",\"name\":\"contact - formulaire - demande devis - questions\",\"isPartOf\":{\"@id\":\"https:\/\/informatiqueproxiservices.fr\/#website\"},\"primaryImageOfPage\":{\"@id\":\"https:\/\/informatiqueproxiservices.fr\/index.php\/contact\/#primaryimage\"},\"image\":{\"@id\":\"https:\/\/informatiqueproxiservices.fr\/index.php\/contact\/#primaryimage\"},\"thumbnailUrl\":\"https:\/\/informatiqueproxiservices.fr\/wp-content\/uploads\/2023\/03\/Icon-Steph-blanc-ind-D-90x90-1.png\",\"datePublished\":\"2023-03-27T13:22:44+00:00\",\"dateModified\":\"2025-04-04T07:24:10+00:00\",\"description\":\"Vous pouvez poser vos questions via le formulaire ci dessous. demandes de devis de r\u00e9paration de mat\u00e9riel.\",\"breadcrumb\":{\"@id\":\"https:\/\/informatiqueproxiservices.fr\/index.php\/contact\/#breadcrumb\"},\"inLanguage\":\"fr-FR\",\"potentialAction\":[{\"@type\":\"ReadAction\",\"target\":[\"https:\/\/informatiqueproxiservices.fr\/index.php\/contact\/\"]}]},{\"@type\":\"ImageObject\",\"inLanguage\":\"fr-FR\",\"@id\":\"https:\/\/informatiqueproxiservices.fr\/index.php\/contact\/#primaryimage\",\"url\":\"https:\/\/informatiqueproxiservices.fr\/wp-content\/uploads\/2023\/03\/Icon-Steph-blanc-ind-D-90x90-1.png\",\"contentUrl\":\"https:\/\/informatiqueproxiservices.fr\/wp-content\/uploads\/2023\/03\/Icon-Steph-blanc-ind-D-90x90-1.png\",\"width\":90,\"height\":89},{\"@type\":\"BreadcrumbList\",\"@id\":\"https:\/\/informatiqueproxiservices.fr\/index.php\/contact\/#breadcrumb\",\"itemListElement\":[{\"@type\":\"ListItem\",\"position\":1,\"name\":\"Accueil\",\"item\":\"https:\/\/informatiqueproxiservices.fr\/\"},{\"@type\":\"ListItem\",\"position\":2,\"name\":\"Formulaire de Contact\"}]},{\"@type\":\"WebSite\",\"@id\":\"https:\/\/informatiqueproxiservices.fr\/#website\",\"url\":\"https:\/\/informatiqueproxiservices.fr\/\",\"name\":\"informatique proxi services\",\"description\":\"L&#039;informatique \u00e0 port\u00e9e de main\",\"publisher\":{\"@id\":\"https:\/\/informatiqueproxiservices.fr\/#organization\"},\"potentialAction\":[{\"@type\":\"SearchAction\",\"target\":{\"@type\":\"EntryPoint\",\"urlTemplate\":\"https:\/\/informatiqueproxiservices.fr\/?s={search_term_string}\"},\"query-input\":{\"@type\":\"PropertyValueSpecification\",\"valueRequired\":true,\"valueName\":\"search_term_string\"}}],\"inLanguage\":\"fr-FR\"},{\"@type\":\"Organization\",\"@id\":\"https:\/\/informatiqueproxiservices.fr\/#organization\",\"name\":\"informatique proxi services\",\"url\":\"https:\/\/informatiqueproxiservices.fr\/\",\"logo\":{\"@type\":\"ImageObject\",\"inLanguage\":\"fr-FR\",\"@id\":\"https:\/\/informatiqueproxiservices.fr\/#\/schema\/logo\/image\/\",\"url\":\"https:\/\/informatiqueproxiservices.fr\/wp-content\/uploads\/2023\/03\/logo-du-site-internet-ind-E-1.png\",\"contentUrl\":\"https:\/\/informatiqueproxiservices.fr\/wp-content\/uploads\/2023\/03\/logo-du-site-internet-ind-E-1.png\",\"width\":350,\"height\":67,\"caption\":\"informatique proxi services\"},\"image\":{\"@id\":\"https:\/\/informatiqueproxiservices.fr\/#\/schema\/logo\/image\/\"}}]}<\/script>\n<!-- \/ Yoast SEO plugin. -->","yoast_head_json":{"title":"contact - formulaire - demande devis - questions","description":"Vous pouvez poser vos questions via le formulaire ci dessous. demandes de devis de r\u00e9paration de mat\u00e9riel.","robots":{"index":"index","follow":"follow","max-snippet":"max-snippet:-1","max-image-preview":"max-image-preview:large","max-video-preview":"max-video-preview:-1"},"canonical":"https:\/\/informatiqueproxiservices.fr\/index.php\/contact\/","og_locale":"fr_FR","og_type":"article","og_title":"contact - formulaire - demande devis - questions","og_description":"Vous pouvez poser vos questions via le formulaire ci dessous. demandes de devis de r\u00e9paration de mat\u00e9riel.","og_url":"https:\/\/informatiqueproxiservices.fr\/index.php\/contact\/","og_site_name":"informatique proxi services","article_modified_time":"2025-04-04T07:24:10+00:00","og_image":[{"width":90,"height":89,"url":"https:\/\/informatiqueproxiservices.fr\/wp-content\/uploads\/2023\/03\/Icon-Steph-blanc-ind-D-90x90-1.png","type":"image\/png"}],"twitter_card":"summary_large_image","twitter_misc":{"Dur\u00e9e de lecture estim\u00e9e":"1 minute"},"schema":{"@context":"https:\/\/schema.org","@graph":[{"@type":"WebPage","@id":"https:\/\/informatiqueproxiservices.fr\/index.php\/contact\/","url":"https:\/\/informatiqueproxiservices.fr\/index.php\/contact\/","name":"contact - formulaire - demande devis - questions","isPartOf":{"@id":"https:\/\/informatiqueproxiservices.fr\/#website"},"primaryImageOfPage":{"@id":"https:\/\/informatiqueproxiservices.fr\/index.php\/contact\/#primaryimage"},"image":{"@id":"https:\/\/informatiqueproxiservices.fr\/index.php\/contact\/#primaryimage"},"thumbnailUrl":"https:\/\/informatiqueproxiservices.fr\/wp-content\/uploads\/2023\/03\/Icon-Steph-blanc-ind-D-90x90-1.png","datePublished":"2023-03-27T13:22:44+00:00","dateModified":"2025-04-04T07:24:10+00:00","description":"Vous pouvez poser vos questions via le formulaire ci dessous. demandes de devis de r\u00e9paration de mat\u00e9riel.","breadcrumb":{"@id":"https:\/\/informatiqueproxiservices.fr\/index.php\/contact\/#breadcrumb"},"inLanguage":"fr-FR","potentialAction":[{"@type":"ReadAction","target":["https:\/\/informatiqueproxiservices.fr\/index.php\/contact\/"]}]},{"@type":"ImageObject","inLanguage":"fr-FR","@id":"https:\/\/informatiqueproxiservices.fr\/index.php\/contact\/#primaryimage","url":"https:\/\/informatiqueproxiservices.fr\/wp-content\/uploads\/2023\/03\/Icon-Steph-blanc-ind-D-90x90-1.png","contentUrl":"https:\/\/informatiqueproxiservices.fr\/wp-content\/uploads\/2023\/03\/Icon-Steph-blanc-ind-D-90x90-1.png","width":90,"height":89},{"@type":"BreadcrumbList","@id":"https:\/\/informatiqueproxiservices.fr\/index.php\/contact\/#breadcrumb","itemListElement":[{"@type":"ListItem","position":1,"name":"Accueil","item":"https:\/\/informatiqueproxiservices.fr\/"},{"@type":"ListItem","position":2,"name":"Formulaire de Contact"}]},{"@type":"WebSite","@id":"https:\/\/informatiqueproxiservices.fr\/#website","url":"https:\/\/informatiqueproxiservices.fr\/","name":"informatique proxi services","description":"L&#039;informatique \u00e0 port\u00e9e de main","publisher":{"@id":"https:\/\/informatiqueproxiservices.fr\/#organization"},"potentialAction":[{"@type":"SearchAction","target":{"@type":"EntryPoint","urlTemplate":"https:\/\/informatiqueproxiservices.fr\/?s={search_term_string}"},"query-input":{"@type":"PropertyValueSpecification","valueRequired":true,"valueName":"search_term_string"}}],"inLanguage":"fr-FR"},{"@type":"Organization","@id":"https:\/\/informatiqueproxiservices.fr\/#organization","name":"informatique proxi services","url":"https:\/\/informatiqueproxiservices.fr\/","logo":{"@type":"ImageObject","inLanguage":"fr-FR","@id":"https:\/\/informatiqueproxiservices.fr\/#\/schema\/logo\/image\/","url":"https:\/\/informatiqueproxiservices.fr\/wp-content\/uploads\/2023\/03\/logo-du-site-internet-ind-E-1.png","contentUrl":"https:\/\/informatiqueproxiservices.fr\/wp-content\/uploads\/2023\/03\/logo-du-site-internet-ind-E-1.png","width":350,"height":67,"caption":"informatique proxi services"},"image":{"@id":"https:\/\/informatiqueproxiservices.fr\/#\/schema\/logo\/image\/"}}]}},"_links":{"self":[{"href":"https:\/\/informatiqueproxiservices.fr\/index.php\/wp-json\/wp\/v2\/pages\/142","targetHints":{"allow":["GET"]}}],"collection":[{"href":"https:\/\/informatiqueproxiservices.fr\/index.php\/wp-json\/wp\/v2\/pages"}],"about":[{"href":"https:\/\/informatiqueproxiservices.fr\/index.php\/wp-json\/wp\/v2\/types\/page"}],"author":[{"embeddable":true,"href":"https:\/\/informatiqueproxiservices.fr\/index.php\/wp-json\/wp\/v2\/users\/1"}],"replies":[{"embeddable":true,"href":"https:\/\/informatiqueproxiservices.fr\/index.php\/wp-json\/wp\/v2\/comments?post=142"}],"version-history":[{"count":118,"href":"https:\/\/informatiqueproxiservices.fr\/index.php\/wp-json\/wp\/v2\/pages\/142\/revisions"}],"predecessor-version":[{"id":3733,"href":"https:\/\/informatiqueproxiservices.fr\/index.php\/wp-json\/wp\/v2\/pages\/142\/revisions\/3733"}],"wp:attachment":[{"href":"https:\/\/informatiqueproxiservices.fr\/index.php\/wp-json\/wp\/v2\/media?parent=142"}],"curies":[{"name":"wp","href":"https:\/\/api.w.org\/{rel}","templated":true}]}}